{"id":3007,"date":"2021-09-23T22:37:41","date_gmt":"2021-09-23T22:37:41","guid":{"rendered":"https:\/\/wp.rinaroki.de\/?page_id=3007"},"modified":"2021-09-23T22:40:41","modified_gmt":"2021-09-23T22:40:41","slug":"imprint","status":"publish","type":"page","link":"https:\/\/www.rinaroki.de\/index.php\/imprint\/","title":{"rendered":"Imprint"},"content":{"rendered":"\n<p>Rina Roki-Heck<br>Scheppe Gewissegasse 7<br>35039 Marburg<\/p>\n\n\n\n<p>+49(0)176 57683546<br>mail@rinaroki.de<\/p>\n\n\n\n<p>Steuernummer: 03182560493<\/p>\n\n\n\n<p><\/p>\n\n\n\n<h2 id=\"m65\">Haftungs- und Schutzrechtshinweise<\/h2>\n\n\n\n<p><strong>Haftungsausschluss<\/strong>: Die Inhalte dieses Onlineangebotes wurden sorgf\u00e4ltig und nach unserem aktuellen Kenntnisstand erstellt, dienen jedoch nur der Information und entfalten keine rechtlich bindende Wirkung, sofern es sich nicht um gesetzlich verpflichtende Informationen (z.B. das Impressum, die Datenschutzerkl\u00e4rung, AGB oder verpflichtende Belehrungen von Verbrauchern) handelt. Wir behalten uns vor, die Inhalte vollst\u00e4ndig oder teilweise zu \u00e4ndern oder zu l\u00f6schen, soweit vertragliche Verpflichtungen unber\u00fchrt bleiben. Alle Angebote sind freibleibend und unverbindlich.<\/p>\n\n\n\n<p><strong>Links auf fremde Webseiten<\/strong>: Die Inhalte fremder Webseiten, auf die wir direkt oder indirekt verweisen, liegen au\u00dferhalb unseres Verantwortungsbereiches und wir machen sie uns nicht zu Eigen. F\u00fcr alle Inhalte und Nachteile, die aus der Nutzung der in den verlinkten Webseiten aufrufbaren Informationen entstehen, \u00fcbernehmen wir keine Verantwortung.<\/p>\n\n\n\n<p><strong>Urheberrechte und Markenrechte<\/strong>: Alle auf dieser Website dargestellten Inhalte, wie Texte, Fotografien, Grafiken, Marken und Warenzeichen sind durch die jeweiligen Schutzrechte (Urheberrechte, Markenrechte) gesch\u00fctzt. Die Verwendung, Vervielf\u00e4ltigung usw. unterliegen unseren Rechten oder den Rechten der jeweiligen Urheber bzw. Rechteinhaber.<\/p>\n\n\n\n<p><strong>Hinweise auf Rechtsverst\u00f6\u00dfe<\/strong>: Sollten Sie innerhalb unseres Internetauftritts Rechtsverst\u00f6\u00dfe bemerken, bitten wir Sie uns auf diese hinzuweisen. Wir werden rechtswidrige Inhalte und Links nach Kenntnisnahme unverz\u00fcglich entfernen.<\/p>\n\n\n\n<p class=\"has-small-font-size\"><a href=\"https:\/\/datenschutz-generator.de\/?l=de\" target=\"_blank\" rel=\"noreferrer noopener\">Erstellt mit kostenlosem Datenschutz-Generator.de von Dr. Thomas Schwenke<\/a><\/p>\n","protected":false},"excerpt":{"rendered":"<p>Rina Roki-HeckScheppe Gewissegasse 735039 Marburg +49(0)176 57683546mail@rinaroki.de Steuernummer: 03182560493 Haftungs- und Schutzrechtshinweise Haftungsausschluss: Die Inhalte dieses Onlineangebotes wurden sorgf\u00e4ltig und nach unserem aktuellen Kenntnisstand erstellt, dienen jedoch nur der Information und entfalten keine rechtlich bindende Wirkung, sofern es sich nicht um gesetzlich verpflichtende Informationen (z.B. das Impressum, die Datenschutzerkl\u00e4rung, AGB oder verpflichtende Belehrungen von Verbrauchern) [&hellip;]<\/p>\n","protected":false},"author":1,"featured_media":0,"parent":0,"menu_order":0,"comment_status":"closed","ping_status":"closed","template":"","meta":[],"jetpack_shortlink":"https:\/\/wp.me\/P9lKjo-Mv","jetpack-related-posts":[{"id":3002,"url":"https:\/\/www.rinaroki.de\/index.php\/privacy-policy\/","url_meta":{"origin":3007,"position":0},"title":"Privacy Policy","author":"admin","date":"September 23, 2021","format":false,"excerpt":"Wer wir sind Die Adresse unserer Website ist: https:\/\/www.rinaroki.de. Kommentare Wenn Besucher Kommentare auf der Website schreiben, sammle ich die Daten, die im Kommentar-Formular angezeigt werden, au\u00dferdem die IP-Adresse des Besuchers und den User-Agent-String (damit wird der Browser identifiziert), um die Erkennung von Spam zu unterst\u00fctzen. Aus deiner E-Mail-Adresse kann\u2026","rel":"","context":"\u00c4hnlicher Beitrag","block_context":{"text":"\u00c4hnlicher Beitrag","link":""},"img":{"alt_text":"","src":"","width":0,"height":0},"classes":[]}],"_links":{"self":[{"href":"https:\/\/www.rinaroki.de\/index.php\/wp-json\/wp\/v2\/pages\/3007"}],"collection":[{"href":"https:\/\/www.rinaroki.de\/index.php\/wp-json\/wp\/v2\/pages"}],"about":[{"href":"https:\/\/www.rinaroki.de\/index.php\/wp-json\/wp\/v2\/types\/page"}],"author":[{"embeddable":true,"href":"https:\/\/www.rinaroki.de\/index.php\/wp-json\/wp\/v2\/users\/1"}],"replies":[{"embeddable":true,"href":"https:\/\/www.rinaroki.de\/index.php\/wp-json\/wp\/v2\/comments?post=3007"}],"version-history":[{"count":2,"href":"https:\/\/www.rinaroki.de\/index.php\/wp-json\/wp\/v2\/pages\/3007\/revisions"}],"predecessor-version":[{"id":3012,"href":"https:\/\/www.rinaroki.de\/index.php\/wp-json\/wp\/v2\/pages\/3007\/revisions\/3012"}],"wp:attachment":[{"href":"https:\/\/www.rinaroki.de\/index.php\/wp-json\/wp\/v2\/media?parent=3007"}],"curies":[{"name":"wp","href":"https:\/\/api.w.org\/{rel}","templated":true}]}}